{"id":10777,"date":"2018-02-09T10:32:55","date_gmt":"2018-02-09T09:32:55","guid":{"rendered":"http:\/\/kasurgery.wsisites.net\/?page_id=10777"},"modified":"2021-06-17T02:46:12","modified_gmt":"2021-06-17T01:46:12","slug":"kouroche-amini","status":"publish","type":"page","link":"https:\/\/www.kasurgery.com\/en\/kouroche-amini\/","title":{"rendered":"Doctor Kouroche Amini"},"content":{"rendered":"<p>[vc_row el_id=&#8221;rowa1gp&#8221;][vc_column width=&#8221;1\/2&#8243; el_id=&#8221;cola1gp&#8221;][vc_single_image image=&#8221;10401&#8243; img_size=&#8221;large&#8221;][\/vc_column][vc_column width=&#8221;1\/2&#8243;][vc_column_text]<\/p>\n<h2><a href=\"\/kouroche-amini\/\">Doctor Kouroche Amini<\/a><\/h2>\n<p>Swiss FMH Specialist in Plastic, Reconstructive and Aesthetic Surgery<\/p>\n<p>Owner and Medical Director of KA Surgery<\/p>\n<p>President of the Geneva Group of Plastic Surgeons since 2012[\/vc_column_text][vc_raw_html]JTNDdWwlMjBjbGFzcyUzRCUyMmRvYy1saW5rcyUyMiUzRSUwQSUwOSUwOSUwOSUwOSUwOSUwOSUwOSUwOSUwOSUwOSUwOSUwOSUwOSUwOSUwOSUwOSUwOSUwOSUwOSUwOSUwOSUzQ2xpJTNFJTNDYSUyMGhyZWYlM0QlMjJodHRwcyUzQSUyRiUyRnd3dy5mYWNlYm9vay5jb20lMkZrYXN1cmdlcnklMkYlMjIlMjB0YXJnZXQlM0QlMjJfYmxhbmslMjIlM0UlM0NpJTIwY2xhc3MlM0QlMjJmYSUyMGZhLWZhY2Vib29rJTIyJTNFJTNDJTJGaSUzRSUzQyUyRmElM0UlM0MlMkZsaSUzRSUwQSUwOSUwOSUwOSUwOSUwOSUwOSUwOSUwOSUwOSUwOSUwOSUwOSUwOSUwOSUwOSUwOSUwOSUwOSUwOSUwOSUwOSUzQ2xpJTNFJTNDYSUyMGhyZWYlM0QlMjJodHRwcyUzQSUyRiUyRnR3aXR0ZXIuY29tJTJGa291cm9jaGVhbWluaSUyMiUyMHRhcmdldCUzRCUyMl9ibGFuayUyMiUzRSUzQ2klMjBjbGFzcyUzRCUyMmZhJTIwZmEtdHdpdHRlciUyMiUzRSUzQyUyRmklM0UlM0MlMkZhJTNFJTNDJTJGbGklM0UlMEElMDklMDklMDklMDklMDklMDklMDklMDklMDklMDklMDklMDklMDklMDklMDklMDklMDklMDklMDklMDklMDklM0NsaSUzRSUzQ2ElMjBocmVmJTNEJTIyaHR0cHMlM0ElMkYlMkZwbHVzLmdvb2dsZS5jb20lMkYxMTUyNDkwNTg2MDU2MDc1OTc4MzElMjIlMjB0YXJnZXQlM0QlMjJfYmxhbmslMjIlM0UlM0NpJTIwY2xhc3MlM0QlMjJmYSUyMGZhLWdvb2dsZS1wbHVzJTIyJTNFJTNDJTJGaSUzRSUzQyUyRmElM0UlM0MlMkZsaSUzRSUwQSUwOSUwOSUwOSUwOSUwOSUwOSUwOSUwOSUwOSUwOSUwOSUwOSUwOSUwOSUwOSUwOSUwOSUwOSUwOSUwOSUwOSUzQ2xpJTNFJTNDYSUyMGhyZWYlM0QlMjJodHRwcyUzQSUyRiUyRnd3dy5pbnN0YWdyYW0uY29tJTJGa2FzdXJnZXJ5JTJGJTIyJTIwdGFyZ2V0JTNEJTIyX2JsYW5rJTIyJTNFJTNDaSUyMGNsYXNzJTNEJTIyZmElMjBmYS1pbnN0YWdyYW0lMjIlM0UlM0MlMkZpJTNFJTNDJTJGYSUzRSUzQyUyRmxpJTNFJTBBJTA5JTA5JTA5JTA5JTA5JTA5JTA5JTA5JTA5JTA5JTA5JTA5JTA5JTA5JTA5JTA5JTA5JTA5JTA5JTA5JTA5JTNDbGklM0UlM0NhJTIwaHJlZiUzRCUyMmh0dHBzJTNBJTJGJTJGd3d3LmxpbmtlZGluLmNvbSUyRmluJTJGa291cm9jaGVhbWluaSUyRiUyMiUyMHRhcmdldCUzRCUyMl9ibGFuayUyMiUzRSUzQ2klMjBjbGFzcyUzRCUyMmZhJTIwZmEtbGlua2VkaW4lMjIlM0UlM0MlMkZpJTNFJTNDJTJGYSUzRSUzQyUyRmxpJTNFJTBBJTA5JTA5JTA5JTA5JTA5JTA5JTA5JTA5JTA5JTA5JTA5JTA5JTA5JTA5JTA5JTA5JTA5JTA5JTA5JTA5JTA5JTNDbGklM0UlM0NhJTIwaHJlZiUzRCUyMmh0dHBzJTNBJTJGJTJGd3d3LmVzdGhldGljb24uZnIlMkZjaGlydXJnaWVucyUyRmRvY3RldXIta291cm9jaGUtYW1pbmklMjIlMjB0YXJnZXQlM0QlMjJfYmxhbmslMjIlM0UlM0NpJTIwY2xhc3MlM0QlMjJmYSUyMGZhLWRyaWJiYmxlJTIyJTNFJTNDJTJGaSUzRSUzQyUyRmElM0UlM0MlMkZsaSUzRSUwQSUwOSUwOSUwOSUwOSUwOSUwOSUwOSUwOSUwOSUwOSUwOSUwOSUwOSUwOSUwOSUwOSUwOSUwOSUwOSUwOSUzQyUyRnVsJTNF[\/vc_raw_html][vc_raw_html]JTNDZGl2JTIwY2xhc3MlM0QlMjJ2Y19nZW5lcmFsJTIwdmNfY3RhMyUyMHZjX2N0YTMtc3R5bGUtY2xhc3NpYyUyMHZjX2N0YTMtc2hhcGUtc3F1YXJlJTIwdmNfY3RhMy1hbGlnbi1jZW50ZXIlMjB2Y19jdGEzLWNvbG9yLWNsYXNzaWMlMjB2Y19jdGEzLWljb24tc2l6ZS1tZCUyMHZjX2N0YTMtYWN0aW9ucy1ib3R0b20lMjIlM0UlMEElMDklM0NkaXYlMjBjbGFzcyUzRCUyMnZjX2N0YTNfY29udGVudC1jb250YWluZXIlMjIlM0UlMEElMDklMDklM0NkaXYlMjBjbGFzcyUzRCUyMnZjX2N0YTMtY29udGVudCUyMiUzRSUwQSUwOSUwOSUwOSUzQ2hlYWRlciUyMGNsYXNzJTNEJTIydmNfY3RhMy1jb250ZW50LWhlYWRlciUyMiUzRSUzQyUyRmhlYWRlciUzRSUwQSUwOSUwOSUwOSUzQ3AlM0UlM0NzdHJvbmclM0VEbyUyMG5vdCUyMGRlbGF5JTIwYW5kJTIwbWFrZSUyMGFuJTIwYXBwb2ludG1lbnQlMjB0b2RheSUyMCUyMSUzQyUyRnN0cm9uZyUzRSUzQyUyRnAlM0UlMEElMDklMDklM0MlMkZkaXYlM0UlMEElMDklMDklM0NkaXYlMjBjbGFzcyUzRCUyMiUyMiUzRSUwQSUwOSUwOSUwOSUzQ2RpdiUyMGNsYXNzJTNEJTIydGV4dC1jZW50ZXIlMjIlM0UlMEElMDklMDklMDklMDklM0NhJTIwc3R5bGUlM0QlMjJiYWNrZ3JvdW5kLWNvbG9yJTNBJTIzNjkwZjYwJTNCJTIwY29sb3IlM0ElMjNmZmZmZmYlM0IlMjIlMjBjbGFzcyUzRCUyMnZjX2dlbmVyYWwlMjB2Y19idG4zJTIwdmNfYnRuMy1zaXplLWxnJTIwdmNfYnRuMy1zaGFwZS1zcXVhcmUlMjB2Y19idG4zLXN0eWxlLWN1c3RvbSUyMHZjX2J0bjMtaWNvbi1sZWZ0JTIyJTIwaHJlZiUzRCUyMiUyRmVuJTJGYXBwb2ludG1lbnQlMkYlMjIlMjB0YXJnZXQlM0QlMjJfYmxhbmslMjIlMjB0aXRsZSUzRCUyMiUyMiUzRSUwQSUwOSUwOSUwOSUwOSUwOSUzQ2klMjBjbGFzcyUzRCUyMnZjX2J0bjMtaWNvbiUyMGZhJTIwZmEtY2FsZW5kYXIlMjIlM0UlM0MlMkZpJTNFJTIwJTIwRml4JTIwYW4lMjBBcHBvaW50bWVudCUwQSUwOSUwOSUwOSUwOSUzQyUyRmElM0UlMEElMDklMDklMDklMDklM0NhJTIwc3R5bGUlM0QlMjJiYWNrZ3JvdW5kLWNvbG9yJTNBJTIzNjkwZjYwJTNCJTIwY29sb3IlM0ElMjNmZmZmZmYlM0IlMjIlMjBjbGFzcyUzRCUyMnZjX2dlbmVyYWwlMjB2Y19idG4zJTIwdmNfYnRuMy1zaXplLWxnJTIwdmNfYnRuMy1zaGFwZS1zcXVhcmUlMjB2Y19idG4zLXN0eWxlLWN1c3RvbSUyMHZjX2J0bjMtaWNvbi1sZWZ0JTIyJTIwaHJlZiUzRCUyMnRlbCUzQSUyQjQxMjIzNDc3NzQ3JTIyJTIwdGl0bGUlM0QlMjIlMjIlM0UlMEElMDklMDklMDklMDklMDklM0NpJTIwY2xhc3MlM0QlMjJ2Y19idG4zLWljb24lMjBmYSUyMGZhLXBob25lJTIyJTNFJTNDJTJGaSUzRSUyMENhbGwlMjBOb3clMjAlMjElMEElMDklMDklMDklMDklM0MlMkZhJTNFJTBBJTA5JTA5JTA5JTNDJTJGZGl2JTNFJTBBJTA5JTA5JTNDJTJGZGl2JTNFJTBBJTA5JTNDJTJGZGl2JTNFJTBBJTNDJTJGZGl2JTNFJTBB[\/vc_raw_html][\/vc_column][\/vc_row][vc_row el_id=&#8221;rowa2gp&#8221;][vc_column][vc_column_text]Doctor Kouroche Amini is a well-known and respected Swiss Plastic Surgeon, who was born and raised in Geneva, Switzerland.<\/p>\n<p>He has always had the desire to be become a Plastic Surgeon and help others.<\/p>\n<p>He studied and completed his Medical Degree from the University of Geneva with Honors in September 1999; which was immediately followed by two years of training in the Department of General Surgery in Neuch\u00e2tel, Switzerland.<\/p>\n<p>After he completed a two-year residency in Orthopedic and Surgical Emergency in Nyon, Switzerland.<\/p>\n<p>During this four years in both Neuch\u00e2tel and Nyon Doctor Amini was the head Surgeon of Wounds and Cicatrization of the Hospitals.<\/p>\n<p>Afterwards, he integrated the Maxillo-Facial Surgery team at Geneva University Hospital for one year, before being nominated Chief Resident.<\/p>\n<p>For 6 months he worked as one of the Chief Residents in the Hand and Wrist Department, then as Chief Resident in charge of the Surgical Emergency Room in Geneva University Hospital (HUG).[\/vc_column_text][vc_column_text]<\/p>\n<div id=\"gt-res-content\">\n<p>With this solid surgical background, Dr Kouroche Amini started his Plastic, Reconstructive and Aesthetic residency at CHUV, in Lausanne, in the department of Professor Egloff.<\/p>\n<p>He trained for three years to be the Plastic surgeon under the guidance of Professor Egloff and Professor Raffoul.<\/p>\n<p>He spent many months in the State-of-the-Art Burn Center at CHUV caring with passion and devotion for burned Patients. During his 3 year-rotation in Lausanne University Hospital, Dr Kouroche Amini was also in charge of the Wounds and Cicatrization field of the Department under Professor Raffoul.<\/p>\n<p>Another area of great interest for Dr Amini during his years at CHUV was in the All-Body Contouring, in both Reconstructive and Aesthetic fields.<\/p>\n<p>During his time at the CHUV, Dr Kouroche Amini was offered by Professor Pittet to join his Team in Geneva University Hospital.<br \/>\nHe spent two fantastic years as an Advanced Plastic, Reconstructive and Aesthetic Surgeon.<\/p>\n<p>In Geneva, Doctor Kouroche Amini, taught young surgeons with enthusiasm about new techniques in the fields he was keen to operate in: breasts, both in reconstructive (e.g. after cancer) or aesthetic, body contouring, face (eyelids, ears and lifting), as well as skin and wounds treatments.<\/p>\n<p>&nbsp;<\/p>\n<p>In late 2010, Doctor Kouroche Amini decided to open his own practice in Geneva.<\/p>\n<p>Since February 2011 he has worked as an independent Plastic, Reconstructive and Aesthetic Surgeon at Chemin de Beau-Soleil 12 in Champel, Geneva.<\/p>\n<p>His years of education, training and experience in the art and science of plastic surgery, allows Dr. Amini to tailor his approach to his patients on an individual basis.<\/p>\n<p>During his educations and 11 years of working in different hospitals, Dr. Amini visited many Colleagues and Peers around the globe in a number of renowned centers in the US, Australia, and across Europe.<\/p>\n<p>Doctor Kouroche Amini is certified in plastic, reconstructive and aesthetic surgery from both European (EPOBRAS) and Swiss (FMH) Boards.<br \/>\nHe has been the President of the Geneva Group of Plastic Surgeons since 2012 at the Association des M\u00e9decins du Canton de Gen\u00e8ve (AMG).<br \/>\nHe takes part in the Swiss plastic, reconstructive and aesthetic Society as auditor.<\/p>\n<div id=\"gt-res-dir-ctr\" class=\"trans-verified-button-small\" dir=\"ltr\"><\/div>\n<\/div>\n<p>[\/vc_column_text][\/vc_column][\/vc_row][vc_row][vc_column][vc_column_text]<\/p>\n<h2 style=\"text-align: center;\">Testimonials<\/h2>\n<div class=\"glsr glsr-minimal\" id=\"reviewscustom\" data-shortcode='' data-display='8' data-hide='[&quot;title&quot;,&quot;date&quot;]' data-id='reviewscustom'><div class=\"glsr-reviews-wrap\">\n    <div class=\"glsr-reviews\">\n        <div class=\"glsr-review\" data-type=\"local\" id=\"review-14962\">\n    \n    <div class=\"glsr-review-rating\"><div class=\"glsr-star-rating glsr-stars\">\n    <span class=\"screen-reader-text\">Rated <strong>5<\/strong> out of 5<\/span>\n    <div class=\"glsr-star glsr-star-full\" aria-hidden=\"true\"><\/div><div class=\"glsr-star glsr-star-full\" aria-hidden=\"true\"><\/div><div class=\"glsr-star glsr-star-full\" aria-hidden=\"true\"><\/div><div class=\"glsr-star glsr-star-full\" aria-hidden=\"true\"><\/div><div class=\"glsr-star glsr-star-full\" aria-hidden=\"true\"><\/div>\n<\/div><\/div>\n    \n    \n    <div class=\"glsr-review-content\"><p>Bonjour . Premier rdv cet apr\u00e8s midi . Un super accueil, une \u00e9coute et hyper professionnel . H\u00e2te de mon intervention mardi prochain) reconstruction du lobe de l\u2019oreille . J\u2019accorde toute ma confiance \u00e0 ce m\u00e9decin . \ud83d\udc4d<\/p><\/div>\n    \n    <div class=\"glsr-review-author\"><span>Yasmine Knecht<\/span><\/div>\n    \n<\/div>\n<div class=\"glsr-review\" data-type=\"local\" id=\"review-14963\">\n    \n    <div class=\"glsr-review-rating\"><div class=\"glsr-star-rating glsr-stars\">\n    <span class=\"screen-reader-text\">Rated <strong>5<\/strong> out of 5<\/span>\n    <div class=\"glsr-star glsr-star-full\" aria-hidden=\"true\"><\/div><div class=\"glsr-star glsr-star-full\" aria-hidden=\"true\"><\/div><div class=\"glsr-star glsr-star-full\" aria-hidden=\"true\"><\/div><div class=\"glsr-star glsr-star-full\" aria-hidden=\"true\"><\/div><div class=\"glsr-star glsr-star-full\" aria-hidden=\"true\"><\/div>\n<\/div><\/div>\n    \n    \n    <div class=\"glsr-review-content\"><p>Bonjour, Apr\u00e8s avoir vu plusieurs chirurgien. Le dr kouroche amini ma mis totalement en confiance et je l&#8217;ai choisit pour cela. Il est tr\u00e8s \u00e0 l&#8217;\u00e9coute de ce que l&#8217;on desire. Le suivi de l&#8217;op\u00e9ration est super. Je suis ravie du r\u00e9sultat que j&#8217;ai obtenu apr\u00e8s l&#8217;op\u00e9ration gr\u00e2ce au dr kouroche amini. Je le remercie<span class=\"glsr-hidden glsr-hidden-text\" data-show-less='Show less' data-show-more='Lire l&#039;avis complet' data-trigger='excerpt'> encore \u00e9norment car sa ma changer la vie.<\/span><\/p><\/div>\n    \n    <div class=\"glsr-review-author\"><span>Florencee Aubry<\/span><\/div>\n    \n<\/div>\n<div class=\"glsr-review\" data-type=\"local\" id=\"review-14964\">\n    \n    <div class=\"glsr-review-rating\"><div class=\"glsr-star-rating glsr-stars\">\n    <span class=\"screen-reader-text\">Rated <strong>5<\/strong> out of 5<\/span>\n    <div class=\"glsr-star glsr-star-full\" aria-hidden=\"true\"><\/div><div class=\"glsr-star glsr-star-full\" aria-hidden=\"true\"><\/div><div class=\"glsr-star glsr-star-full\" aria-hidden=\"true\"><\/div><div class=\"glsr-star glsr-star-full\" aria-hidden=\"true\"><\/div><div class=\"glsr-star glsr-star-full\" aria-hidden=\"true\"><\/div>\n<\/div><\/div>\n    \n    \n    <div class=\"glsr-review-content\"><p>Wonderful doctor! Excellent results with Botox injections. Very natural! Thank you! Will definitely come back.<\/p><\/div>\n    \n    <div class=\"glsr-review-author\"><span>Nasi Bamshad<\/span><\/div>\n    \n<\/div>\n<div class=\"glsr-review\" data-type=\"local\" id=\"review-14965\">\n    \n    <div class=\"glsr-review-rating\"><div class=\"glsr-star-rating glsr-stars\">\n    <span class=\"screen-reader-text\">Rated <strong>5<\/strong> out of 5<\/span>\n    <div class=\"glsr-star glsr-star-full\" aria-hidden=\"true\"><\/div><div class=\"glsr-star glsr-star-full\" aria-hidden=\"true\"><\/div><div class=\"glsr-star glsr-star-full\" aria-hidden=\"true\"><\/div><div class=\"glsr-star glsr-star-full\" aria-hidden=\"true\"><\/div><div class=\"glsr-star glsr-star-full\" aria-hidden=\"true\"><\/div>\n<\/div><\/div>\n    \n    \n    <div class=\"glsr-review-content\"><p>Amazing experience with Dr. Amini. Would highly recommend for any and all of his services. He is especially skilled with Botox. Can\u2019t wait to go back for another treatment!<\/p><\/div>\n    \n    <div class=\"glsr-review-author\"><span>Jessica J.<\/span><\/div>\n    \n<\/div>\n<div class=\"glsr-review\" data-type=\"local\" id=\"review-14966\">\n    \n    <div class=\"glsr-review-rating\"><div class=\"glsr-star-rating glsr-stars\">\n    <span class=\"screen-reader-text\">Rated <strong>5<\/strong> out of 5<\/span>\n    <div class=\"glsr-star glsr-star-full\" aria-hidden=\"true\"><\/div><div class=\"glsr-star glsr-star-full\" aria-hidden=\"true\"><\/div><div class=\"glsr-star glsr-star-full\" aria-hidden=\"true\"><\/div><div class=\"glsr-star glsr-star-full\" aria-hidden=\"true\"><\/div><div class=\"glsr-star glsr-star-full\" aria-hidden=\"true\"><\/div>\n<\/div><\/div>\n    \n    \n    <div class=\"glsr-review-content\"><p>Une expertise av\u00e9r\u0117e dans son domaine, un professionnalisme r\u00e9el et naturel, gentillesse et \u00e0 l&#8217;\u00e9coute du patient.Merci<\/p><\/div>\n    \n    <div class=\"glsr-review-author\"><span>Christelle N'Kulu<\/span><\/div>\n    \n<\/div>\n<div class=\"glsr-review\" data-type=\"local\" id=\"review-14967\">\n    \n    <div class=\"glsr-review-rating\"><div class=\"glsr-star-rating glsr-stars\">\n    <span class=\"screen-reader-text\">Rated <strong>5<\/strong> out of 5<\/span>\n    <div class=\"glsr-star glsr-star-full\" aria-hidden=\"true\"><\/div><div class=\"glsr-star glsr-star-full\" aria-hidden=\"true\"><\/div><div class=\"glsr-star glsr-star-full\" aria-hidden=\"true\"><\/div><div class=\"glsr-star glsr-star-full\" aria-hidden=\"true\"><\/div><div class=\"glsr-star glsr-star-full\" aria-hidden=\"true\"><\/div>\n<\/div><\/div>\n    \n    \n    <div class=\"glsr-review-content\"><p>Merci pour votre \u00e9coute, le r\u00e9sultat du botox tr\u00e8s naturel, je reviendrai!<\/p><\/div>\n    \n    <div class=\"glsr-review-author\"><span>Vanessa Martin<\/span><\/div>\n    \n<\/div>\n<div class=\"glsr-review\" data-type=\"local\" id=\"review-14968\">\n    \n    <div class=\"glsr-review-rating\"><div class=\"glsr-star-rating glsr-stars\">\n    <span class=\"screen-reader-text\">Rated <strong>5<\/strong> out of 5<\/span>\n    <div class=\"glsr-star glsr-star-full\" aria-hidden=\"true\"><\/div><div class=\"glsr-star glsr-star-full\" aria-hidden=\"true\"><\/div><div class=\"glsr-star glsr-star-full\" aria-hidden=\"true\"><\/div><div class=\"glsr-star glsr-star-full\" aria-hidden=\"true\"><\/div><div class=\"glsr-star glsr-star-full\" aria-hidden=\"true\"><\/div>\n<\/div><\/div>\n    \n    \n    <div class=\"glsr-review-content\"><p>C&#8217;est toujours difficile de trouver un des meilleurs, sinon le meilleur chirurgie esth\u00e9tique \u00e0 Gen\u00e8ve. Du coup, j&#8217;en ai contact\u00e9 trois et y suis all\u00e9 &#8220;au feeling&#8221; apr\u00e8s une conversation t\u00e9l\u00e9phonique. Apr\u00e8s un premier contact au t\u00e9l\u00e9phone, j&#8217;a pris rendez-vous avec le Dr Amini, lequel a r\u00e9pondu \u00e0 toutes mes questions de mani\u00e8re d\u00e9taill\u00e9e<span class=\"glsr-hidden glsr-hidden-text\" data-show-less='Show less' data-show-more='Lire l&#039;avis complet' data-trigger='excerpt'> et tr\u00e8s claire quant \u00e0 une \u00e9ventuelle intervention de chirurgie plastique, que je pr\u00e9f\u00e8re ne pas exposer ici, &#8220;sur la place publique&#8221;. Je vais s\u00e9rieusement y r\u00e9fl\u00e9chir. Si je devais finalement me d\u00e9cider, je le recontacterai tr\u00e8s certainement.<\/span><\/p><\/div>\n    \n    <div class=\"glsr-review-author\"><span>Lin Dayen - Hsu<\/span><\/div>\n    \n<\/div>\n<div class=\"glsr-review\" data-type=\"local\" id=\"review-14969\">\n    \n    <div class=\"glsr-review-rating\"><div class=\"glsr-star-rating glsr-stars\">\n    <span class=\"screen-reader-text\">Rated <strong>5<\/strong> out of 5<\/span>\n    <div class=\"glsr-star glsr-star-full\" aria-hidden=\"true\"><\/div><div class=\"glsr-star glsr-star-full\" aria-hidden=\"true\"><\/div><div class=\"glsr-star glsr-star-full\" aria-hidden=\"true\"><\/div><div class=\"glsr-star glsr-star-full\" aria-hidden=\"true\"><\/div><div class=\"glsr-star glsr-star-full\" aria-hidden=\"true\"><\/div>\n<\/div><\/div>\n    \n    \n    <div class=\"glsr-review-content\"><p>In November 2018, I had an operation in order to remedy an umbilical hernia and a diastasis recti, carried out by the surgeon Kouroche Amini.At the very first appointment, the surgeon was already able to determine the diagnosis with the exact number of centimeters for my diastasis, which was later confirmed by the ultrasound. I<span class=\"glsr-hidden glsr-hidden-text\" data-show-less='Show less' data-show-more='Lire l&#039;avis complet' data-trigger='excerpt'> was amazed and extremely impressed. The operation was a complete succees. After only one month, I was able to return to work and also look after my young children without any problems.Based on my experience, Doctor Amini has a unique mixture of professionalism and, just as importantly, human qualities.I thoroughly recommend his expertise and professional abilities. Health is our most important capital and with Dr Amini you will be sure of being in the best hands.<\/span><\/p><\/div>\n    \n    <div class=\"glsr-review-author\"><span>Nuria Bravo<\/span><\/div>\n    \n<\/div>\n    <\/div>\n    \n<\/div><\/div>[\/vc_column_text][\/vc_column][\/vc_row]<\/p>\n","protected":false},"excerpt":{"rendered":"<p>[vc_row el_id=&#8221;rowa1gp&#8221;][vc_column width=&#8221;1\/2&#8243; el_id=&#8221;cola1gp&#8221;][vc_single_image image=&#8221;10401&#8243; img_size=&#8221;large&#8221;][\/vc_column][vc_column width=&#8221;1\/2&#8243;][vc_column_text] Doctor Kouroche Amini Swiss FMH Specialist in Plastic, Reconstructive and Aesthetic Surgery Owner and Medical Director of KA Surgery President of the Geneva Group of Plastic Surgeons since 2012[\/vc_column_text][vc_raw_html]JTNDdWwlMjBjbGFzcyUzRCUyMmRvYy1saW5rcyUyMiUzRSUwQSUwOSUwOSUwOSUwOSUwOSUwOSUwOSUwOSUwOSUwOSUwOSUwOSUwOSUwOSUwOSUwOSUwOSUwOSUwOSUwOSUwOSUzQ2xpJTNFJTNDYSUyMGhyZWYlM0QlMjJodHRwcyUzQSUyRiUyRnd3dy5mYWNlYm9vay5jb20lMkZrYXN1cmdlcnklMkYlMjIlMjB0YXJnZXQlM0QlMjJfYmxhbmslMjIlM0UlM0NpJTIwY2xhc3MlM0QlMjJmYSUyMGZhLWZhY2Vib29rJTIyJTNFJTNDJTJGaSUzRSUzQyUyRmElM0UlM0MlMkZsaSUzRSUwQSUwOSUwOSUwOSUwOSUwOSUwOSUwOSUwOSUwOSUwOSUwOSUwOSUwOSUwOSUwOSUwOSUwOSUwOSUwOSUwOSUwOSUzQ2xpJTNFJTNDYSUyMGhyZWYlM0QlMjJodHRwcyUzQSUyRiUyRnR3aXR0ZXIuY29tJTJGa291cm9jaGVhbWluaSUyMiUyMHRhcmdldCUzRCUyMl9ibGFuayUyMiUzRSUzQ2klMjBjbGFzcyUzRCUyMmZhJTIwZmEtdHdpdHRlciUyMiUzRSUzQyUyRmklM0UlM0MlMkZhJTNFJTNDJTJGbGklM0UlMEElMDklMDklMDklMDklMDklMDklMDklMDklMDklMDklMDklMDklMDklMDklMDklMDklMDklMDklMDklMDklMDklM0NsaSUzRSUzQ2ElMjBocmVmJTNEJTIyaHR0cHMlM0ElMkYlMkZwbHVzLmdvb2dsZS5jb20lMkYxMTUyNDkwNTg2MDU2MDc1OTc4MzElMjIlMjB0YXJnZXQlM0QlMjJfYmxhbmslMjIlM0UlM0NpJTIwY2xhc3MlM0QlMjJmYSUyMGZhLWdvb2dsZS1wbHVzJTIyJTNFJTNDJTJGaSUzRSUzQyUyRmElM0UlM0MlMkZsaSUzRSUwQSUwOSUwOSUwOSUwOSUwOSUwOSUwOSUwOSUwOSUwOSUwOSUwOSUwOSUwOSUwOSUwOSUwOSUwOSUwOSUwOSUwOSUzQ2xpJTNFJTNDYSUyMGhyZWYlM0QlMjJodHRwcyUzQSUyRiUyRnd3dy5pbnN0YWdyYW0uY29tJTJGa2FzdXJnZXJ5JTJGJTIyJTIwdGFyZ2V0JTNEJTIyX2JsYW5rJTIyJTNFJTNDaSUyMGNsYXNzJTNEJTIyZmElMjBmYS1pbnN0YWdyYW0lMjIlM0UlM0MlMkZpJTNFJTNDJTJGYSUzRSUzQyUyRmxpJTNFJTBBJTA5JTA5JTA5JTA5JTA5JTA5JTA5JTA5JTA5JTA5JTA5JTA5JTA5JTA5JTA5JTA5JTA5JTA5JTA5JTA5JTA5JTNDbGklM0UlM0NhJTIwaHJlZiUzRCUyMmh0dHBzJTNBJTJGJTJGd3d3LmxpbmtlZGluLmNvbSUyRmluJTJGa291cm9jaGVhbWluaSUyRiUyMiUyMHRhcmdldCUzRCUyMl9ibGFuayUyMiUzRSUzQ2klMjBjbGFzcyUzRCUyMmZhJTIwZmEtbGlua2VkaW4lMjIlM0UlM0MlMkZpJTNFJTNDJTJGYSUzRSUzQyUyRmxpJTNFJTBBJTA5JTA5JTA5JTA5JTA5JTA5JTA5JTA5JTA5JTA5JTA5JTA5JTA5JTA5JTA5JTA5JTA5JTA5JTA5JTA5JTA5JTNDbGklM0UlM0NhJTIwaHJlZiUzRCUyMmh0dHBzJTNBJTJGJTJGd3d3LmVzdGhldGljb24uZnIlMkZjaGlydXJnaWVucyUyRmRvY3RldXIta291cm9jaGUtYW1pbmklMjIlMjB0YXJnZXQlM0QlMjJfYmxhbmslMjIlM0UlM0NpJTIwY2xhc3MlM0QlMjJmYSUyMGZhLWRyaWJiYmxlJTIyJTNFJTNDJTJGaSUzRSUzQyUyRmElM0UlM0MlMkZsaSUzRSUwQSUwOSUwOSUwOSUwOSUwOSUwOSUwOSUwOSUwOSUwOSUwOSUwOSUwOSUwOSUwOSUwOSUwOSUwOSUwOSUwOSUzQyUyRnVsJTNF[\/vc_raw_html][vc_raw_html]JTNDZGl2JTIwY2xhc3MlM0QlMjJ2Y19nZW5lcmFsJTIwdmNfY3RhMyUyMHZjX2N0YTMtc3R5bGUtY2xhc3NpYyUyMHZjX2N0YTMtc2hhcGUtc3F1YXJlJTIwdmNfY3RhMy1hbGlnbi1jZW50ZXIlMjB2Y19jdGEzLWNvbG9yLWNsYXNzaWMlMjB2Y19jdGEzLWljb24tc2l6ZS1tZCUyMHZjX2N0YTMtYWN0aW9ucy1ib3R0b20lMjIlM0UlMEElMDklM0NkaXYlMjBjbGFzcyUzRCUyMnZjX2N0YTNfY29udGVudC1jb250YWluZXIlMjIlM0UlMEElMDklMDklM0NkaXYlMjBjbGFzcyUzRCUyMnZjX2N0YTMtY29udGVudCUyMiUzRSUwQSUwOSUwOSUwOSUzQ2hlYWRlciUyMGNsYXNzJTNEJTIydmNfY3RhMy1jb250ZW50LWhlYWRlciUyMiUzRSUzQyUyRmhlYWRlciUzRSUwQSUwOSUwOSUwOSUzQ3AlM0UlM0NzdHJvbmclM0VEbyUyMG5vdCUyMGRlbGF5JTIwYW5kJTIwbWFrZSUyMGFuJTIwYXBwb2ludG1lbnQlMjB0b2RheSUyMCUyMSUzQyUyRnN0cm9uZyUzRSUzQyUyRnAlM0UlMEElMDklMDklM0MlMkZkaXYlM0UlMEElMDklMDklM0NkaXYlMjBjbGFzcyUzRCUyMiUyMiUzRSUwQSUwOSUwOSUwOSUzQ2RpdiUyMGNsYXNzJTNEJTIydGV4dC1jZW50ZXIlMjIlM0UlMEElMDklMDklMDklMDklM0NhJTIwc3R5bGUlM0QlMjJiYWNrZ3JvdW5kLWNvbG9yJTNBJTIzNjkwZjYwJTNCJTIwY29sb3IlM0ElMjNmZmZmZmYlM0IlMjIlMjBjbGFzcyUzRCUyMnZjX2dlbmVyYWwlMjB2Y19idG4zJTIwdmNfYnRuMy1zaXplLWxnJTIwdmNfYnRuMy1zaGFwZS1zcXVhcmUlMjB2Y19idG4zLXN0eWxlLWN1c3RvbSUyMHZjX2J0bjMtaWNvbi1sZWZ0JTIyJTIwaHJlZiUzRCUyMiUyRmVuJTJGYXBwb2ludG1lbnQlMkYlMjIlMjB0YXJnZXQlM0QlMjJfYmxhbmslMjIlMjB0aXRsZSUzRCUyMiUyMiUzRSUwQSUwOSUwOSUwOSUwOSUwOSUzQ2klMjBjbGFzcyUzRCUyMnZjX2J0bjMtaWNvbiUyMGZhJTIwZmEtY2FsZW5kYXIlMjIlM0UlM0MlMkZpJTNFJTIwJTIwRml4JTIwYW4lMjBBcHBvaW50bWVudCUwQSUwOSUwOSUwOSUwOSUzQyUyRmElM0UlMEElMDklMDklMDklMDklM0NhJTIwc3R5bGUlM0QlMjJiYWNrZ3JvdW5kLWNvbG9yJTNBJTIzNjkwZjYwJTNCJTIwY29sb3IlM0ElMjNmZmZmZmYlM0IlMjIlMjBjbGFzcyUzRCUyMnZjX2dlbmVyYWwlMjB2Y19idG4zJTIwdmNfYnRuMy1zaXplLWxnJTIwdmNfYnRuMy1zaGFwZS1zcXVhcmUlMjB2Y19idG4zLXN0eWxlLWN1c3RvbSUyMHZjX2J0bjMtaWNvbi1sZWZ0JTIyJTIwaHJlZiUzRCUyMnRlbCUzQSUyQjQxMjIzNDc3NzQ3JTIyJTIwdGl0bGUlM0QlMjIlMjIlM0UlMEElMDklMDklMDklMDklMDklM0NpJTIwY2xhc3MlM0QlMjJ2Y19idG4zLWljb24lMjBmYSUyMGZhLXBob25lJTIyJTNFJTNDJTJGaSUzRSUyMENhbGwlMjBOb3clMjAlMjElMEElMDklMDklMDklMDklM0MlMkZhJTNFJTBBJTA5JTA5JTA5JTNDJTJGZGl2JTNFJTBBJTA5JTA5JTNDJTJGZGl2JTNFJTBBJTA5JTNDJTJGZGl2JTNFJTBBJTNDJTJGZGl2JTNFJTBB[\/vc_raw_html][\/vc_column][\/vc_row][vc_row el_id=&#8221;rowa2gp&#8221;][vc_column][vc_column_text]Doctor Kouroche Amini is a well-known and respected Swiss Plastic Surgeon, who was born and raised in Geneva, Switzerland. [&hellip;]<\/p>\n","protected":false},"author":1,"featured_media":0,"parent":0,"menu_order":0,"comment_status":"closed","ping_status":"closed","template":"","meta":{"_bbp_topic_count":0,"_bbp_reply_count":0,"_bbp_total_topic_count":0,"_bbp_total_reply_count":0,"_bbp_voice_count":0,"_bbp_anonymous_reply_count":0,"_bbp_topic_count_hidden":0,"_bbp_reply_count_hidden":0,"_bbp_forum_subforum_count":0,"footnotes":""},"class_list":["post-10777","page","type-page","status-publish","hentry"],"aioseo_notices":[],"_links":{"self":[{"href":"https:\/\/www.kasurgery.com\/en\/wp-json\/wp\/v2\/pages\/10777","targetHints":{"allow":["GET"]}}],"collection":[{"href":"https:\/\/www.kasurgery.com\/en\/wp-json\/wp\/v2\/pages"}],"about":[{"href":"https:\/\/www.kasurgery.com\/en\/wp-json\/wp\/v2\/types\/page"}],"author":[{"embeddable":true,"href":"https:\/\/www.kasurgery.com\/en\/wp-json\/wp\/v2\/users\/1"}],"replies":[{"embeddable":true,"href":"https:\/\/www.kasurgery.com\/en\/wp-json\/wp\/v2\/comments?post=10777"}],"version-history":[{"count":5,"href":"https:\/\/www.kasurgery.com\/en\/wp-json\/wp\/v2\/pages\/10777\/revisions"}],"predecessor-version":[{"id":15074,"href":"https:\/\/www.kasurgery.com\/en\/wp-json\/wp\/v2\/pages\/10777\/revisions\/15074"}],"wp:attachment":[{"href":"https:\/\/www.kasurgery.com\/en\/wp-json\/wp\/v2\/media?parent=10777"}],"curies":[{"name":"wp","href":"https:\/\/api.w.org\/{rel}","templated":true}]}}