{"id":7417,"date":"2016-03-16T10:03:12","date_gmt":"2016-03-16T10:03:12","guid":{"rendered":"http:\/\/dummy.wedesignthemes.com\/onelife\/?page_id=11"},"modified":"2024-09-17T16:48:57","modified_gmt":"2024-09-17T15:48:57","slug":"contact","status":"publish","type":"page","link":"https:\/\/www.kasurgery.com\/en\/contact\/","title":{"rendered":"Contact Us"},"content":{"rendered":"<p>[vc_row][vc_column width=&#8221;1\/2&#8243;][vc_column_text el_class=&#8221;aligncenter&#8221;]<div class='dt-sc-small-separator '><\/div>\n<p><span style=\"font-size: 16px;\">Dr Kouroche Amini<\/span><br \/>\n<span style=\"font-size: 16px;\">Specialist in Plastic, Aesthetic and Reconstructive Surgery<\/span><br \/>\n<span style=\"font-size: 16px;\">In Geneva !<\/span><\/p>\n<h2>Contact us !!!<\/h2>\n<div class='dt-sc-clear '> <\/div>[\/vc_column_text][vc_empty_space height=&#8221;62px&#8221;][\/vc_column][vc_column width=&#8221;1\/2&#8243;][vc_column_text el_class=&#8221;aligncenter&#8221;]<\/p>\n<p style=\"text-align: center;\"><div class='dt-sc-small-separator '><\/div>\n<h2 style=\"text-align: center;\">Our Location<\/h2>\n<p style=\"text-align: center;\"><div class='dt-sc-clear '> <\/div>\n<p>[\/vc_column_text]<div class='dt-sc-contact-info type2 '><h2>Gen\u00e8ve - Suisse<\/h2><p>Chemin de Beau-Soleil 12 <br> 1206 Gen\u00e8ve<\/p><span class='fa fa-map-marker'> <\/span><h6>+41 22 347 77 47<\/h6><\/div>[\/vc_column][\/vc_row][vc_row full_width=&#8221;stretch_row_content_no_spaces&#8221; el_class=&#8221;contact-us&#8221; el_id=&#8221;jas&#8221;][vc_column][vc_row_inner css=&#8221;.vc_custom_1623893173863{background-color: #f0ebd8 !important;}&#8221;][vc_column_inner width=&#8221;1\/2&#8243;][vc_gmaps link=&#8221;#E-8_JTNDaWZyYW1lJTIwc3JjJTNEJTIyaHR0cHMlM0ElMkYlMkZ3d3cuZ29vZ2xlLmNvbSUyRm1hcHMlMkZlbWJlZCUzRnBiJTNEJTIxMW0xOCUyMTFtMTIlMjExbTMlMjExZDI3NjIuMTE4NzU4MzM3NzIlMjEyZDYuMTU5MDkxOTE2MDAxODc1JTIxM2Q0Ni4xODgxOTUzNzkxMTYyNCUyMTJtMyUyMTFmMCUyMTJmMCUyMTNmMCUyMTNtMiUyMTFpMTAyNCUyMTJpNzY4JTIxNGYxMy4xJTIxM20zJTIxMW0yJTIxMXMweDQ3OGM3YWI3ZWFmMjlhZDUlMjUzQTB4ZTkwYzIzNDkzZDAwNzk3YiUyMTJzQ2hpcnVyZ2llJTJCRXN0aCUyNUMzJTI1QTl0aXF1ZSUyQkdlbiUyNUMzJTI1QTh2ZSUyQiUyNTdDJTJCS0ElMkJTdXJnZXJ5JTJCLSUyQkRyJTJCQW1pbmklMjE1ZTAlMjEzbTIlMjExc2ZyJTIxMnNjaCUyMTR2MTU2Mjk5MzMzNjgxMCUyMTVtMiUyMTFzZnIlMjEyc2NoJTIyJTIwd2lkdGglM0QlMjIxMDAlMjUlMjIlMjBoZWlnaHQlM0QlMjI4MDBweCUyMiUyMGZyYW1lYm9yZGVyJTNEJTIyMCUyMiUyMHN0eWxlJTNEJTIyYm9yZGVyJTNBMCUyMiUyMGFsbG93ZnVsbHNjcmVlbiUzRSUzQyUyRmlmcmFtZSUzRQ==&#8221;][\/vc_column_inner][vc_column_inner el_class=&#8221;contact-form&#8221; width=&#8221;1\/2&#8243; css=&#8221;.vc_custom_1623893183999{background-color: #f0ebd8 !important;}&#8221; addstyles=&#8221;z-index:999;&#8221;]<div role=\"form\" class=\"wpcf7\" id=\"wpcf7-f408-o1\" lang=\"en-US\" dir=\"ltr\">\n<div class=\"screen-reader-response\"><\/div>\n<form action=\"\/en\/wp-json\/wp\/v2\/pages\/7417#wpcf7-f408-o1\" method=\"post\" class=\"wpcf7-form\" novalidate=\"novalidate\">\n<div style=\"display: none;\">\n<input type=\"hidden\" name=\"_wpcf7\" value=\"408\" \/>\n<input type=\"hidden\" name=\"_wpcf7_version\" value=\"5.1.4\" \/>\n<input type=\"hidden\" name=\"_wpcf7_locale\" value=\"en_US\" \/>\n<input type=\"hidden\" name=\"_wpcf7_unit_tag\" value=\"wpcf7-f408-o1\" \/>\n<input type=\"hidden\" name=\"_wpcf7_container_post\" value=\"0\" \/>\n<\/div>\n<p>[vc_row]<br \/>\n[vc_column]<span class=\"wpcf7-form-control-wrap sname\"><input type=\"text\" name=\"sname\" value=\"\" size=\"40\" class=\"wpcf7-form-control wpcf7-text wpcf7-validates-as-required\" aria-required=\"true\" aria-invalid=\"false\" placeholder=\"Name\" \/><\/span>[\/vc_column]<br \/>\n[vc_empty_space height=\"2px\"]<br \/>\n[vc_column]<span class=\"wpcf7-form-control-wrap lname\"><input type=\"text\" name=\"lname\" value=\"\" size=\"40\" class=\"wpcf7-form-control wpcf7-text wpcf7-validates-as-required\" aria-required=\"true\" aria-invalid=\"false\" placeholder=\"Last Name\" \/><\/span>[\/vc_column]<br \/>\n[vc_empty_space height=\"2px\"]<br \/>\n[vc_column]<span class=\"wpcf7-form-control-wrap email-573\"><input type=\"email\" name=\"email-573\" value=\"\" size=\"40\" class=\"wpcf7-form-control wpcf7-text wpcf7-email wpcf7-validates-as-required wpcf7-validates-as-email\" aria-required=\"true\" aria-invalid=\"false\" placeholder=\"Email\" \/><\/span>[\/vc_column]<br \/>\n[vc_empty_space height=\"2px\"]<br \/>\n[vc_column]<span class=\"wpcf7-form-control-wrap phonumber\"><input type=\"tel\" name=\"phonumber\" value=\"\" size=\"40\" class=\"wpcf7-form-control wpcf7-text wpcf7-tel wpcf7-validates-as-required wpcf7-validates-as-tel\" aria-required=\"true\" aria-invalid=\"false\" placeholder=\"Phone\" \/><\/span>[\/vc_column]<br \/>\n[vc_empty_space height=\"2px\"]<br \/>\n[vc_column]<span class=\"wpcf7-form-control-wrap servicetype\"><select name=\"servicetype\" class=\"wpcf7-form-control wpcf7-select wpcf7-validates-as-required\" aria-required=\"true\" aria-invalid=\"false\"><option value=\"Type Of Service\">Type Of Service<\/option><option value=\"Abdomen \u2013 Abdominal Wall\">Abdomen \u2013 Abdominal Wall<\/option><option value=\"Breast Reduction\">Breast Reduction<\/option><option value=\"Breast Reconstruction\">Breast Reconstruction<\/option><option value=\"Gynecomastia\">Gynecomastia<\/option><option value=\"Skin \u2013 Wound \u2013 Scars\">Skin \u2013 Wound \u2013 Scars<\/option><option value=\"Liposuction \u2013 Liposculpture\">Liposuction \u2013 Liposculpture<\/option><option value=\"Eyelids\">Eyelids<\/option><option value=\"Botox\u00ae\">Botox\u00ae<\/option><option value=\"Excessive Sweating\">Excessive Sweating<\/option><option value=\"Filler Injection\">Filler Injection<\/option><option value=\"Peelings\">Peelings<\/option><option value=\"Plasma Injections\">Plasma Injections<\/option><\/select><\/span>[\/vc_column]<br \/>\n[vc_empty_space height=\"2px\"]<br \/>\n[vc_column]<span class=\"wpcf7-form-control-wrap textarea-98\"><textarea name=\"textarea-98\" cols=\"40\" rows=\"10\" class=\"wpcf7-form-control wpcf7-textarea\" aria-invalid=\"false\" placeholder=\"Message\"><\/textarea><\/span>[\/vc_column]<br \/>\n[vc_empty_space height=\"2px\"]<br \/>\n[vc_column]<input type=\"submit\" value=\"Send Message\" class=\"wpcf7-form-control wpcf7-submit\" \/>[\/vc_column]<br \/>\n[\/vc_row]<\/p>\n<div class=\"wpcf7-response-output wpcf7-display-none\"><\/div><\/form><\/div>[\/vc_column_inner][\/vc_row_inner][vc_column_text]<\/p>\n<h2 style=\"text-align: center;\">Testimonials<\/h2>\n<div class=\"glsr glsr-minimal\" id=\"reviewscustom\" data-shortcode='' data-display='8' data-hide='[&quot;title&quot;,&quot;date&quot;]' data-id='reviewscustom'><div class=\"glsr-reviews-wrap\">\n    <div class=\"glsr-reviews\">\n        <div class=\"glsr-review\" data-type=\"local\" id=\"review-14962\">\n    \n    <div class=\"glsr-review-rating\"><div class=\"glsr-star-rating glsr-stars\">\n    <span class=\"screen-reader-text\">Rated <strong>5<\/strong> out of 5<\/span>\n    <div class=\"glsr-star glsr-star-full\" aria-hidden=\"true\"><\/div><div class=\"glsr-star glsr-star-full\" aria-hidden=\"true\"><\/div><div class=\"glsr-star glsr-star-full\" aria-hidden=\"true\"><\/div><div class=\"glsr-star glsr-star-full\" aria-hidden=\"true\"><\/div><div class=\"glsr-star glsr-star-full\" aria-hidden=\"true\"><\/div>\n<\/div><\/div>\n    \n    \n    <div class=\"glsr-review-content\"><p>Bonjour . Premier rdv cet apr\u00e8s midi . Un super accueil, une \u00e9coute et hyper professionnel . H\u00e2te de mon intervention mardi prochain) reconstruction du lobe de l\u2019oreille . J\u2019accorde toute ma confiance \u00e0 ce m\u00e9decin . \ud83d\udc4d<\/p><\/div>\n    \n    <div class=\"glsr-review-author\"><span>Yasmine Knecht<\/span><\/div>\n    \n<\/div>\n<div class=\"glsr-review\" data-type=\"local\" id=\"review-14963\">\n    \n    <div class=\"glsr-review-rating\"><div class=\"glsr-star-rating glsr-stars\">\n    <span class=\"screen-reader-text\">Rated <strong>5<\/strong> out of 5<\/span>\n    <div class=\"glsr-star glsr-star-full\" aria-hidden=\"true\"><\/div><div class=\"glsr-star glsr-star-full\" aria-hidden=\"true\"><\/div><div class=\"glsr-star glsr-star-full\" aria-hidden=\"true\"><\/div><div class=\"glsr-star glsr-star-full\" aria-hidden=\"true\"><\/div><div class=\"glsr-star glsr-star-full\" aria-hidden=\"true\"><\/div>\n<\/div><\/div>\n    \n    \n    <div class=\"glsr-review-content\"><p>Bonjour, Apr\u00e8s avoir vu plusieurs chirurgien. Le dr kouroche amini ma mis totalement en confiance et je l&#8217;ai choisit pour cela. Il est tr\u00e8s \u00e0 l&#8217;\u00e9coute de ce que l&#8217;on desire. Le suivi de l&#8217;op\u00e9ration est super. Je suis ravie du r\u00e9sultat que j&#8217;ai obtenu apr\u00e8s l&#8217;op\u00e9ration gr\u00e2ce au dr kouroche amini. Je le remercie<span class=\"glsr-hidden glsr-hidden-text\" data-show-less='Show less' data-show-more='Lire l&#039;avis complet' data-trigger='excerpt'> encore \u00e9norment car sa ma changer la vie.<\/span><\/p><\/div>\n    \n    <div class=\"glsr-review-author\"><span>Florencee Aubry<\/span><\/div>\n    \n<\/div>\n<div class=\"glsr-review\" data-type=\"local\" id=\"review-14964\">\n    \n    <div class=\"glsr-review-rating\"><div class=\"glsr-star-rating glsr-stars\">\n    <span class=\"screen-reader-text\">Rated <strong>5<\/strong> out of 5<\/span>\n    <div class=\"glsr-star glsr-star-full\" aria-hidden=\"true\"><\/div><div class=\"glsr-star glsr-star-full\" aria-hidden=\"true\"><\/div><div class=\"glsr-star glsr-star-full\" aria-hidden=\"true\"><\/div><div class=\"glsr-star glsr-star-full\" aria-hidden=\"true\"><\/div><div class=\"glsr-star glsr-star-full\" aria-hidden=\"true\"><\/div>\n<\/div><\/div>\n    \n    \n    <div class=\"glsr-review-content\"><p>Wonderful doctor! Excellent results with Botox injections. Very natural! Thank you! Will definitely come back.<\/p><\/div>\n    \n    <div class=\"glsr-review-author\"><span>Nasi Bamshad<\/span><\/div>\n    \n<\/div>\n<div class=\"glsr-review\" data-type=\"local\" id=\"review-14965\">\n    \n    <div class=\"glsr-review-rating\"><div class=\"glsr-star-rating glsr-stars\">\n    <span class=\"screen-reader-text\">Rated <strong>5<\/strong> out of 5<\/span>\n    <div class=\"glsr-star glsr-star-full\" aria-hidden=\"true\"><\/div><div class=\"glsr-star glsr-star-full\" aria-hidden=\"true\"><\/div><div class=\"glsr-star glsr-star-full\" aria-hidden=\"true\"><\/div><div class=\"glsr-star glsr-star-full\" aria-hidden=\"true\"><\/div><div class=\"glsr-star glsr-star-full\" aria-hidden=\"true\"><\/div>\n<\/div><\/div>\n    \n    \n    <div class=\"glsr-review-content\"><p>Amazing experience with Dr. Amini. Would highly recommend for any and all of his services. He is especially skilled with Botox. Can\u2019t wait to go back for another treatment!<\/p><\/div>\n    \n    <div class=\"glsr-review-author\"><span>Jessica J.<\/span><\/div>\n    \n<\/div>\n<div class=\"glsr-review\" data-type=\"local\" id=\"review-14966\">\n    \n    <div class=\"glsr-review-rating\"><div class=\"glsr-star-rating glsr-stars\">\n    <span class=\"screen-reader-text\">Rated <strong>5<\/strong> out of 5<\/span>\n    <div class=\"glsr-star glsr-star-full\" aria-hidden=\"true\"><\/div><div class=\"glsr-star glsr-star-full\" aria-hidden=\"true\"><\/div><div class=\"glsr-star glsr-star-full\" aria-hidden=\"true\"><\/div><div class=\"glsr-star glsr-star-full\" aria-hidden=\"true\"><\/div><div class=\"glsr-star glsr-star-full\" aria-hidden=\"true\"><\/div>\n<\/div><\/div>\n    \n    \n    <div class=\"glsr-review-content\"><p>Une expertise av\u00e9r\u0117e dans son domaine, un professionnalisme r\u00e9el et naturel, gentillesse et \u00e0 l&#8217;\u00e9coute du patient.Merci<\/p><\/div>\n    \n    <div class=\"glsr-review-author\"><span>Christelle N'Kulu<\/span><\/div>\n    \n<\/div>\n<div class=\"glsr-review\" data-type=\"local\" id=\"review-14967\">\n    \n    <div class=\"glsr-review-rating\"><div class=\"glsr-star-rating glsr-stars\">\n    <span class=\"screen-reader-text\">Rated <strong>5<\/strong> out of 5<\/span>\n    <div class=\"glsr-star glsr-star-full\" aria-hidden=\"true\"><\/div><div class=\"glsr-star glsr-star-full\" aria-hidden=\"true\"><\/div><div class=\"glsr-star glsr-star-full\" aria-hidden=\"true\"><\/div><div class=\"glsr-star glsr-star-full\" aria-hidden=\"true\"><\/div><div class=\"glsr-star glsr-star-full\" aria-hidden=\"true\"><\/div>\n<\/div><\/div>\n    \n    \n    <div class=\"glsr-review-content\"><p>Merci pour votre \u00e9coute, le r\u00e9sultat du botox tr\u00e8s naturel, je reviendrai!<\/p><\/div>\n    \n    <div class=\"glsr-review-author\"><span>Vanessa Martin<\/span><\/div>\n    \n<\/div>\n<div class=\"glsr-review\" data-type=\"local\" id=\"review-14968\">\n    \n    <div class=\"glsr-review-rating\"><div class=\"glsr-star-rating glsr-stars\">\n    <span class=\"screen-reader-text\">Rated <strong>5<\/strong> out of 5<\/span>\n    <div class=\"glsr-star glsr-star-full\" aria-hidden=\"true\"><\/div><div class=\"glsr-star glsr-star-full\" aria-hidden=\"true\"><\/div><div class=\"glsr-star glsr-star-full\" aria-hidden=\"true\"><\/div><div class=\"glsr-star glsr-star-full\" aria-hidden=\"true\"><\/div><div class=\"glsr-star glsr-star-full\" aria-hidden=\"true\"><\/div>\n<\/div><\/div>\n    \n    \n    <div class=\"glsr-review-content\"><p>C&#8217;est toujours difficile de trouver un des meilleurs, sinon le meilleur chirurgie esth\u00e9tique \u00e0 Gen\u00e8ve. Du coup, j&#8217;en ai contact\u00e9 trois et y suis all\u00e9 &#8220;au feeling&#8221; apr\u00e8s une conversation t\u00e9l\u00e9phonique. Apr\u00e8s un premier contact au t\u00e9l\u00e9phone, j&#8217;a pris rendez-vous avec le Dr Amini, lequel a r\u00e9pondu \u00e0 toutes mes questions de mani\u00e8re d\u00e9taill\u00e9e<span class=\"glsr-hidden glsr-hidden-text\" data-show-less='Show less' data-show-more='Lire l&#039;avis complet' data-trigger='excerpt'> et tr\u00e8s claire quant \u00e0 une \u00e9ventuelle intervention de chirurgie plastique, que je pr\u00e9f\u00e8re ne pas exposer ici, &#8220;sur la place publique&#8221;. Je vais s\u00e9rieusement y r\u00e9fl\u00e9chir. Si je devais finalement me d\u00e9cider, je le recontacterai tr\u00e8s certainement.<\/span><\/p><\/div>\n    \n    <div class=\"glsr-review-author\"><span>Lin Dayen - Hsu<\/span><\/div>\n    \n<\/div>\n<div class=\"glsr-review\" data-type=\"local\" id=\"review-14969\">\n    \n    <div class=\"glsr-review-rating\"><div class=\"glsr-star-rating glsr-stars\">\n    <span class=\"screen-reader-text\">Rated <strong>5<\/strong> out of 5<\/span>\n    <div class=\"glsr-star glsr-star-full\" aria-hidden=\"true\"><\/div><div class=\"glsr-star glsr-star-full\" aria-hidden=\"true\"><\/div><div class=\"glsr-star glsr-star-full\" aria-hidden=\"true\"><\/div><div class=\"glsr-star glsr-star-full\" aria-hidden=\"true\"><\/div><div class=\"glsr-star glsr-star-full\" aria-hidden=\"true\"><\/div>\n<\/div><\/div>\n    \n    \n    <div class=\"glsr-review-content\"><p>In November 2018, I had an operation in order to remedy an umbilical hernia and a diastasis recti, carried out by the surgeon Kouroche Amini.At the very first appointment, the surgeon was already able to determine the diagnosis with the exact number of centimeters for my diastasis, which was later confirmed by the ultrasound. I<span class=\"glsr-hidden glsr-hidden-text\" data-show-less='Show less' data-show-more='Lire l&#039;avis complet' data-trigger='excerpt'> was amazed and extremely impressed. The operation was a complete succees. After only one month, I was able to return to work and also look after my young children without any problems.Based on my experience, Doctor Amini has a unique mixture of professionalism and, just as importantly, human qualities.I thoroughly recommend his expertise and professional abilities. Health is our most important capital and with Dr Amini you will be sure of being in the best hands.<\/span><\/p><\/div>\n    \n    <div class=\"glsr-review-author\"><span>Nuria Bravo<\/span><\/div>\n    \n<\/div>\n    <\/div>\n    \n<\/div><\/div>[\/vc_column_text][\/vc_column][\/vc_row][vc_row full_width=&#8221;stretch_row_content&#8221; parallax=&#8221;content-moving&#8221; parallax_image=&#8221;10239&#8243; css=&#8221;.vc_custom_1726588101612{margin-bottom: -70px !important;padding-top: 80px !important;padding-bottom: 50px !important;}&#8221; el_class=&#8221;overlay white-text&#8221;][vc_column width=&#8221;1\/3&#8243; el_class=&#8221;aligncenter&#8221;][\/vc_column][vc_column width=&#8221;1\/3&#8243;][vc_row_inner][vc_column_inner el_class=&#8221;inherit&#8221; css=&#8221;.vc_custom_1459925705543{border-right-width: 2px !important;border-bottom-width: 2px !important;border-left-width: 2px !important;padding-right: 0px !important;padding-left: 0px !important;border-left-color: #ffffff !important;border-left-style: solid !important;border-right-color: #ffffff !important;border-right-style: solid !important;border-bottom-color: #ffffff !important;border-bottom-style: solid !important;}&#8221;][vc_text_separator title=&#8221;Working Hours&#8221; border_width=&#8221;2&#8243; el_class=&#8221;h2 inherit&#8221; css=&#8221;.vc_custom_1465888614966{margin-top: -16px !important;}&#8221;][vc_empty_space height=&#8221;29px&#8221;]<div class='dt-sc-contact-info type3 '><h6>Monday - Wednesday<\/h6><h3>08:00 &#8211; 17:00<\/h3><\/div><div class='dt-sc-contact-info type3 '><h6>Thursday - Friday<\/h6><h3>08:00 &#8211; 12:00<\/h3><\/div><div class='dt-sc-contact-info type3 '><h6>Saturday - Sunday<\/h6><h3>closed<\/h3><\/div>[vc_empty_space height=&#8221;35px&#8221;][\/vc_column_inner][\/vc_row_inner][vc_column_text css=&#8221;.vc_custom_1726587737777{margin-top: 39px !important;}&#8221;]<\/p>\n<p style=\"text-align: center;\"><a class=\"dt-sc-button large filled \" href=\"https:\/\/www.kasurgery.com\/en\/appointment\/\">Fix An Appointment<\/a><\/p>\n<p>[\/vc_column_text][\/vc_column][vc_column width=&#8221;1\/3&#8243;][\/vc_column][\/vc_row]<\/p>\n","protected":false},"excerpt":{"rendered":"<p>[vc_row][vc_column width=&#8221;1\/2&#8243;][vc_column_text el_class=&#8221;aligncenter&#8221;] Dr Kouroche Amini Specialist in Plastic, Aesthetic and Reconstructive Surgery In Geneva ! Contact us !!! [\/vc_column_text][vc_empty_space height=&#8221;62px&#8221;][\/vc_column][vc_column width=&#8221;1\/2&#8243;][vc_column_text el_class=&#8221;aligncenter&#8221;] Our Location [\/vc_column_text][\/vc_column][\/vc_row][vc_row full_width=&#8221;stretch_row_content_no_spaces&#8221; el_class=&#8221;contact-us&#8221; el_id=&#8221;jas&#8221;][vc_column][vc_row_inner css=&#8221;.vc_custom_1623893173863{background-color: #f0ebd8 !important;}&#8221;][vc_column_inner width=&#8221;1\/2&#8243;][vc_gmaps link=&#8221;#E-8_JTNDaWZyYW1lJTIwc3JjJTNEJTIyaHR0cHMlM0ElMkYlMkZ3d3cuZ29vZ2xlLmNvbSUyRm1hcHMlMkZlbWJlZCUzRnBiJTNEJTIxMW0xOCUyMTFtMTIlMjExbTMlMjExZDI3NjIuMTE4NzU4MzM3NzIlMjEyZDYuMTU5MDkxOTE2MDAxODc1JTIxM2Q0Ni4xODgxOTUzNzkxMTYyNCUyMTJtMyUyMTFmMCUyMTJmMCUyMTNmMCUyMTNtMiUyMTFpMTAyNCUyMTJpNzY4JTIxNGYxMy4xJTIxM20zJTIxMW0yJTIxMXMweDQ3OGM3YWI3ZWFmMjlhZDUlMjUzQTB4ZTkwYzIzNDkzZDAwNzk3YiUyMTJzQ2hpcnVyZ2llJTJCRXN0aCUyNUMzJTI1QTl0aXF1ZSUyQkdlbiUyNUMzJTI1QTh2ZSUyQiUyNTdDJTJCS0ElMkJTdXJnZXJ5JTJCLSUyQkRyJTJCQW1pbmklMjE1ZTAlMjEzbTIlMjExc2ZyJTIxMnNjaCUyMTR2MTU2Mjk5MzMzNjgxMCUyMTVtMiUyMTFzZnIlMjEyc2NoJTIyJTIwd2lkdGglM0QlMjIxMDAlMjUlMjIlMjBoZWlnaHQlM0QlMjI4MDBweCUyMiUyMGZyYW1lYm9yZGVyJTNEJTIyMCUyMiUyMHN0eWxlJTNEJTIyYm9yZGVyJTNBMCUyMiUyMGFsbG93ZnVsbHNjcmVlbiUzRSUzQyUyRmlmcmFtZSUzRQ==&#8221;][\/vc_column_inner][vc_column_inner el_class=&#8221;contact-form&#8221; width=&#8221;1\/2&#8243; css=&#8221;.vc_custom_1623893183999{background-color: #f0ebd8 !important;}&#8221; addstyles=&#8221;z-index:999;&#8221;][\/vc_column_inner][\/vc_row_inner][vc_column_text] Testimonials [\/vc_column_text][\/vc_column][\/vc_row][vc_row full_width=&#8221;stretch_row_content&#8221; parallax=&#8221;content-moving&#8221; parallax_image=&#8221;10239&#8243; css=&#8221;.vc_custom_1726588101612{margin-bottom: -70px !important;padding-top: 80px !important;padding-bottom: 50px !important;}&#8221; el_class=&#8221;overlay white-text&#8221;][vc_column width=&#8221;1\/3&#8243; [&hellip;]<\/p>\n","protected":false},"author":1,"featured_media":0,"parent":0,"menu_order":0,"comment_status":"closed","ping_status":"closed","template":"","meta":{"_bbp_topic_count":0,"_bbp_reply_count":0,"_bbp_total_topic_count":0,"_bbp_total_reply_count":0,"_bbp_voice_count":0,"_bbp_anonymous_reply_count":0,"_bbp_topic_count_hidden":0,"_bbp_reply_count_hidden":0,"_bbp_forum_subforum_count":0,"footnotes":""},"class_list":["post-7417","page","type-page","status-publish","hentry"],"aioseo_notices":[],"_links":{"self":[{"href":"https:\/\/www.kasurgery.com\/en\/wp-json\/wp\/v2\/pages\/7417","targetHints":{"allow":["GET"]}}],"collection":[{"href":"https:\/\/www.kasurgery.com\/en\/wp-json\/wp\/v2\/pages"}],"about":[{"href":"https:\/\/www.kasurgery.com\/en\/wp-json\/wp\/v2\/types\/page"}],"author":[{"embeddable":true,"href":"https:\/\/www.kasurgery.com\/en\/wp-json\/wp\/v2\/users\/1"}],"replies":[{"embeddable":true,"href":"https:\/\/www.kasurgery.com\/en\/wp-json\/wp\/v2\/comments?post=7417"}],"version-history":[{"count":10,"href":"https:\/\/www.kasurgery.com\/en\/wp-json\/wp\/v2\/pages\/7417\/revisions"}],"predecessor-version":[{"id":19137,"href":"https:\/\/www.kasurgery.com\/en\/wp-json\/wp\/v2\/pages\/7417\/revisions\/19137"}],"wp:attachment":[{"href":"https:\/\/www.kasurgery.com\/en\/wp-json\/wp\/v2\/media?parent=7417"}],"curies":[{"name":"wp","href":"https:\/\/api.w.org\/{rel}","templated":true}]}}