{"id":9930,"date":"2017-11-15T11:59:53","date_gmt":"2017-11-15T11:59:53","guid":{"rendered":"http:\/\/kasurgery.wsisites.net\/?page_id=9930"},"modified":"2021-06-17T02:35:07","modified_gmt":"2021-06-17T01:35:07","slug":"clinic-general-beaulieu","status":"publish","type":"page","link":"https:\/\/www.kasurgery.com\/en\/aesthetic-clinics\/clinic-general-beaulieu\/","title":{"rendered":"Clinique G\u00e9n\u00e9rale-Beaulieu"},"content":{"rendered":"<p>[vc_row][vc_column width=&#8221;1\/3&#8243;]<ul class=\"dt-sc-vertical-nav \"><li><a href=\"https:\/\/www.beaulieu.ch\/nos-medecins\/dr-med-kouroche-amini\">Clinique G\u00e9n\u00e9rale-Beaulieu<\/a><\/li><li><a href=\"\/kouroche-amini\/\" target=\"_blank\">Meet Doctor Amini<\/a><\/li><li><a href=\" https:\/\/www.beaulieu.ch\/en\/our-doctors\/dr-med-kouroche-amini\" target=\"_blank\">Doctor Amini Profile<\/a><\/li><li><a href=\"#two\">Testimonials<\/a><\/li><\/ul>[\/vc_column][vc_column width=&#8221;2\/3&#8243;][vc_single_image image=&#8221;10691&#8243; img_size=&#8221;full&#8221;][vc_column_text]<strong>Clinique G\u00e9n\u00e9rale-Beaulieu:<\/strong><\/p>\n<p>Recently, Clinique G\u00e9n\u00e9rale-Beaulieu has joined the Swiss Medical Network, one of the two largest private hospital groups in Switzerland.<\/p>\n<p>The Clinic is also a proud member of the &#8220;The Swiss Leading Hospitals&#8221; group, which guarantees high quality care, patient care and hotel services.<\/p>\n<p>Ideally located in the heart of Champel&#8217;s magnificent residential district and only a two-minute walk from Doctor Kouroche Amini&#8217;s office, Clinique G\u00e9n\u00e9rale-Beaulieu has been expanding over the last few years to bring you one of the best quality services in Geneva.<\/p>\n<p>The Clinic&#8217;s facilities provide a quiet and enjoyable recovery.<\/p>\n<p>A large part of the rooms have a superb view of the Geneva countryside and the surrounding mountains.<\/p>\n<p>For several years now, Clinique G\u00e9n\u00e9rale-Beaulieu has been offering an outpatient facility that allows patients to be safely operated on in complete peace of mind before returning home.<br \/>\nThe Clinic&#8217;s priority is to provide you with superior quality care and optimal recovery.<\/p>\n<p>Dr. Kouroche Amini is accredited to monitor and operate patients within the Swiss Medical Network and practices most of his surgeries at la Clinique G\u00e9n\u00e9rale-Beaulieu.<br \/>\nIt will be his pleasure to follow you in this establishment if you so choose.<\/p>\n<p>This private hospital offers quality services to bring you comfort and tranquillity.[\/vc_column_text][vc_row_inner el_id=&#8221;two&#8221;][vc_column_inner el_class=&#8221;temoinReduits&#8221;][vc_column_text]<\/p>\n<h2 style=\"text-align: center;\">Testimonials<\/h2>\n<div class=\"glsr glsr-minimal\" id=\"reviewscustom\" data-shortcode='' data-display='8' data-hide='[&quot;title&quot;,&quot;date&quot;]' data-id='reviewscustom'><div class=\"glsr-reviews-wrap\">\n    <div class=\"glsr-reviews\">\n        <div class=\"glsr-review\" data-type=\"local\" id=\"review-14962\">\n    \n    <div class=\"glsr-review-rating\"><div class=\"glsr-star-rating glsr-stars\">\n    <span class=\"screen-reader-text\">Rated <strong>5<\/strong> out of 5<\/span>\n    <div class=\"glsr-star glsr-star-full\" aria-hidden=\"true\"><\/div><div class=\"glsr-star glsr-star-full\" aria-hidden=\"true\"><\/div><div class=\"glsr-star glsr-star-full\" aria-hidden=\"true\"><\/div><div class=\"glsr-star glsr-star-full\" aria-hidden=\"true\"><\/div><div class=\"glsr-star glsr-star-full\" aria-hidden=\"true\"><\/div>\n<\/div><\/div>\n    \n    \n    <div class=\"glsr-review-content\"><p>Bonjour . Premier rdv cet apr\u00e8s midi . Un super accueil, une \u00e9coute et hyper professionnel . H\u00e2te de mon intervention mardi prochain) reconstruction du lobe de l\u2019oreille . J\u2019accorde toute ma confiance \u00e0 ce m\u00e9decin . \ud83d\udc4d<\/p><\/div>\n    \n    <div class=\"glsr-review-author\"><span>Yasmine Knecht<\/span><\/div>\n    \n<\/div>\n<div class=\"glsr-review\" data-type=\"local\" id=\"review-14963\">\n    \n    <div class=\"glsr-review-rating\"><div class=\"glsr-star-rating glsr-stars\">\n    <span class=\"screen-reader-text\">Rated <strong>5<\/strong> out of 5<\/span>\n    <div class=\"glsr-star glsr-star-full\" aria-hidden=\"true\"><\/div><div class=\"glsr-star glsr-star-full\" aria-hidden=\"true\"><\/div><div class=\"glsr-star glsr-star-full\" aria-hidden=\"true\"><\/div><div class=\"glsr-star glsr-star-full\" aria-hidden=\"true\"><\/div><div class=\"glsr-star glsr-star-full\" aria-hidden=\"true\"><\/div>\n<\/div><\/div>\n    \n    \n    <div class=\"glsr-review-content\"><p>Bonjour, Apr\u00e8s avoir vu plusieurs chirurgien. Le dr kouroche amini ma mis totalement en confiance et je l&#8217;ai choisit pour cela. Il est tr\u00e8s \u00e0 l&#8217;\u00e9coute de ce que l&#8217;on desire. Le suivi de l&#8217;op\u00e9ration est super. Je suis ravie du r\u00e9sultat que j&#8217;ai obtenu apr\u00e8s l&#8217;op\u00e9ration gr\u00e2ce au dr kouroche amini. Je le remercie<span class=\"glsr-hidden glsr-hidden-text\" data-show-less='Show less' data-show-more='Lire l&#039;avis complet' data-trigger='excerpt'> encore \u00e9norment car sa ma changer la vie.<\/span><\/p><\/div>\n    \n    <div class=\"glsr-review-author\"><span>Florencee Aubry<\/span><\/div>\n    \n<\/div>\n<div class=\"glsr-review\" data-type=\"local\" id=\"review-14964\">\n    \n    <div class=\"glsr-review-rating\"><div class=\"glsr-star-rating glsr-stars\">\n    <span class=\"screen-reader-text\">Rated <strong>5<\/strong> out of 5<\/span>\n    <div class=\"glsr-star glsr-star-full\" aria-hidden=\"true\"><\/div><div class=\"glsr-star glsr-star-full\" aria-hidden=\"true\"><\/div><div class=\"glsr-star glsr-star-full\" aria-hidden=\"true\"><\/div><div class=\"glsr-star glsr-star-full\" aria-hidden=\"true\"><\/div><div class=\"glsr-star glsr-star-full\" aria-hidden=\"true\"><\/div>\n<\/div><\/div>\n    \n    \n    <div class=\"glsr-review-content\"><p>Wonderful doctor! Excellent results with Botox injections. Very natural! Thank you! Will definitely come back.<\/p><\/div>\n    \n    <div class=\"glsr-review-author\"><span>Nasi Bamshad<\/span><\/div>\n    \n<\/div>\n<div class=\"glsr-review\" data-type=\"local\" id=\"review-14965\">\n    \n    <div class=\"glsr-review-rating\"><div class=\"glsr-star-rating glsr-stars\">\n    <span class=\"screen-reader-text\">Rated <strong>5<\/strong> out of 5<\/span>\n    <div class=\"glsr-star glsr-star-full\" aria-hidden=\"true\"><\/div><div class=\"glsr-star glsr-star-full\" aria-hidden=\"true\"><\/div><div class=\"glsr-star glsr-star-full\" aria-hidden=\"true\"><\/div><div class=\"glsr-star glsr-star-full\" aria-hidden=\"true\"><\/div><div class=\"glsr-star glsr-star-full\" aria-hidden=\"true\"><\/div>\n<\/div><\/div>\n    \n    \n    <div class=\"glsr-review-content\"><p>Amazing experience with Dr. Amini. Would highly recommend for any and all of his services. He is especially skilled with Botox. Can\u2019t wait to go back for another treatment!<\/p><\/div>\n    \n    <div class=\"glsr-review-author\"><span>Jessica J.<\/span><\/div>\n    \n<\/div>\n<div class=\"glsr-review\" data-type=\"local\" id=\"review-14966\">\n    \n    <div class=\"glsr-review-rating\"><div class=\"glsr-star-rating glsr-stars\">\n    <span class=\"screen-reader-text\">Rated <strong>5<\/strong> out of 5<\/span>\n    <div class=\"glsr-star glsr-star-full\" aria-hidden=\"true\"><\/div><div class=\"glsr-star glsr-star-full\" aria-hidden=\"true\"><\/div><div class=\"glsr-star glsr-star-full\" aria-hidden=\"true\"><\/div><div class=\"glsr-star glsr-star-full\" aria-hidden=\"true\"><\/div><div class=\"glsr-star glsr-star-full\" aria-hidden=\"true\"><\/div>\n<\/div><\/div>\n    \n    \n    <div class=\"glsr-review-content\"><p>Une expertise av\u00e9r\u0117e dans son domaine, un professionnalisme r\u00e9el et naturel, gentillesse et \u00e0 l&#8217;\u00e9coute du patient.Merci<\/p><\/div>\n    \n    <div class=\"glsr-review-author\"><span>Christelle N'Kulu<\/span><\/div>\n    \n<\/div>\n<div class=\"glsr-review\" data-type=\"local\" id=\"review-14967\">\n    \n    <div class=\"glsr-review-rating\"><div class=\"glsr-star-rating glsr-stars\">\n    <span class=\"screen-reader-text\">Rated <strong>5<\/strong> out of 5<\/span>\n    <div class=\"glsr-star glsr-star-full\" aria-hidden=\"true\"><\/div><div class=\"glsr-star glsr-star-full\" aria-hidden=\"true\"><\/div><div class=\"glsr-star glsr-star-full\" aria-hidden=\"true\"><\/div><div class=\"glsr-star glsr-star-full\" aria-hidden=\"true\"><\/div><div class=\"glsr-star glsr-star-full\" aria-hidden=\"true\"><\/div>\n<\/div><\/div>\n    \n    \n    <div class=\"glsr-review-content\"><p>Merci pour votre \u00e9coute, le r\u00e9sultat du botox tr\u00e8s naturel, je reviendrai!<\/p><\/div>\n    \n    <div class=\"glsr-review-author\"><span>Vanessa Martin<\/span><\/div>\n    \n<\/div>\n<div class=\"glsr-review\" data-type=\"local\" id=\"review-14968\">\n    \n    <div class=\"glsr-review-rating\"><div class=\"glsr-star-rating glsr-stars\">\n    <span class=\"screen-reader-text\">Rated <strong>5<\/strong> out of 5<\/span>\n    <div class=\"glsr-star glsr-star-full\" aria-hidden=\"true\"><\/div><div class=\"glsr-star glsr-star-full\" aria-hidden=\"true\"><\/div><div class=\"glsr-star glsr-star-full\" aria-hidden=\"true\"><\/div><div class=\"glsr-star glsr-star-full\" aria-hidden=\"true\"><\/div><div class=\"glsr-star glsr-star-full\" aria-hidden=\"true\"><\/div>\n<\/div><\/div>\n    \n    \n    <div class=\"glsr-review-content\"><p>C&#8217;est toujours difficile de trouver un des meilleurs, sinon le meilleur chirurgie esth\u00e9tique \u00e0 Gen\u00e8ve. Du coup, j&#8217;en ai contact\u00e9 trois et y suis all\u00e9 &#8220;au feeling&#8221; apr\u00e8s une conversation t\u00e9l\u00e9phonique. Apr\u00e8s un premier contact au t\u00e9l\u00e9phone, j&#8217;a pris rendez-vous avec le Dr Amini, lequel a r\u00e9pondu \u00e0 toutes mes questions de mani\u00e8re d\u00e9taill\u00e9e<span class=\"glsr-hidden glsr-hidden-text\" data-show-less='Show less' data-show-more='Lire l&#039;avis complet' data-trigger='excerpt'> et tr\u00e8s claire quant \u00e0 une \u00e9ventuelle intervention de chirurgie plastique, que je pr\u00e9f\u00e8re ne pas exposer ici, &#8220;sur la place publique&#8221;. Je vais s\u00e9rieusement y r\u00e9fl\u00e9chir. Si je devais finalement me d\u00e9cider, je le recontacterai tr\u00e8s certainement.<\/span><\/p><\/div>\n    \n    <div class=\"glsr-review-author\"><span>Lin Dayen - Hsu<\/span><\/div>\n    \n<\/div>\n<div class=\"glsr-review\" data-type=\"local\" id=\"review-14969\">\n    \n    <div class=\"glsr-review-rating\"><div class=\"glsr-star-rating glsr-stars\">\n    <span class=\"screen-reader-text\">Rated <strong>5<\/strong> out of 5<\/span>\n    <div class=\"glsr-star glsr-star-full\" aria-hidden=\"true\"><\/div><div class=\"glsr-star glsr-star-full\" aria-hidden=\"true\"><\/div><div class=\"glsr-star glsr-star-full\" aria-hidden=\"true\"><\/div><div class=\"glsr-star glsr-star-full\" aria-hidden=\"true\"><\/div><div class=\"glsr-star glsr-star-full\" aria-hidden=\"true\"><\/div>\n<\/div><\/div>\n    \n    \n    <div class=\"glsr-review-content\"><p>In November 2018, I had an operation in order to remedy an umbilical hernia and a diastasis recti, carried out by the surgeon Kouroche Amini.At the very first appointment, the surgeon was already able to determine the diagnosis with the exact number of centimeters for my diastasis, which was later confirmed by the ultrasound. I<span class=\"glsr-hidden glsr-hidden-text\" data-show-less='Show less' data-show-more='Lire l&#039;avis complet' data-trigger='excerpt'> was amazed and extremely impressed. The operation was a complete succees. After only one month, I was able to return to work and also look after my young children without any problems.Based on my experience, Doctor Amini has a unique mixture of professionalism and, just as importantly, human qualities.I thoroughly recommend his expertise and professional abilities. Health is our most important capital and with Dr Amini you will be sure of being in the best hands.<\/span><\/p><\/div>\n    \n    <div class=\"glsr-review-author\"><span>Nuria Bravo<\/span><\/div>\n    \n<\/div>\n    <\/div>\n    \n<\/div><\/div>[\/vc_column_text][\/vc_column_inner][\/vc_row_inner][vc_row_inner][vc_column_inner][vc_raw_html]JTNDZGl2JTIwY2xhc3MlM0QlMjJ2Y19nZW5lcmFsJTIwdmNfY3RhMyUyMHZjX2N0YTMtc3R5bGUtY2xhc3NpYyUyMHZjX2N0YTMtc2hhcGUtc3F1YXJlJTIwdmNfY3RhMy1hbGlnbi1jZW50ZXIlMjB2Y19jdGEzLWNvbG9yLWNsYXNzaWMlMjB2Y19jdGEzLWljb24tc2l6ZS1tZCUyMHZjX2N0YTMtYWN0aW9ucy1ib3R0b20lMjIlM0UlMEElMDklM0NkaXYlMjBjbGFzcyUzRCUyMnZjX2N0YTNfY29udGVudC1jb250YWluZXIlMjIlM0UlMEElMDklMDklM0NkaXYlMjBjbGFzcyUzRCUyMnZjX2N0YTMtY29udGVudCUyMiUzRSUwQSUwOSUwOSUwOSUzQ2hlYWRlciUyMGNsYXNzJTNEJTIydmNfY3RhMy1jb250ZW50LWhlYWRlciUyMiUzRSUzQyUyRmhlYWRlciUzRSUwQSUwOSUwOSUwOSUzQ3AlM0UlM0NzdHJvbmclM0VEbyUyMG5vdCUyMGRlbGF5JTIwYW5kJTIwbWFrZSUyMGFuJTIwYXBwb2ludG1lbnQlMjBub3clMjElM0MlMkZzdHJvbmclM0UlM0MlMkZwJTNFJTBBJTA5JTA5JTNDJTJGZGl2JTNFJTBBJTA5JTA5JTNDZGl2JTIwY2xhc3MlM0QlMjIlMjIlM0UlMEElMDklMDklMDklM0NkaXYlMjBjbGFzcyUzRCUyMnRleHQtY2VudGVyJTIyJTNFJTBBJTA5JTA5JTA5JTA5JTNDYSUyMHN0eWxlJTNEJTIyYmFja2dyb3VuZC1jb2xvciUzQSUyMzY5MGY2MCUzQiUyMGNvbG9yJTNBJTIzZmZmZmZmJTNCJTIyJTIwY2xhc3MlM0QlMjJ2Y19nZW5lcmFsJTIwdmNfYnRuMyUyMHZjX2J0bjMtc2l6ZS1sZyUyMHZjX2J0bjMtc2hhcGUtc3F1YXJlJTIwdmNfYnRuMy1zdHlsZS1jdXN0b20lMjB2Y19idG4zLWljb24tbGVmdCUyMiUyMGhyZWYlM0QlMjIlMkZlbiUyRmFwcG9pbnRtZW50JTJGJTIyJTIwdGFyZ2V0JTNEJTIyX2JsYW5rJTIyJTIwdGl0bGUlM0QlMjIlMjIlM0UlMEElMDklMDklMDklMDklMDklM0NpJTIwY2xhc3MlM0QlMjJ2Y19idG4zLWljb24lMjBmYSUyMGZhLWNhbGVuZGFyJTIyJTNFJTNDJTJGaSUzRSUyMCUyMEZpeCUyMGFuJTIwQXBwb2ludG1lbnQlMEElMDklMDklMDklMDklM0MlMkZhJTNFJTBBJTA5JTA5JTA5JTA5JTNDYSUyMHN0eWxlJTNEJTIyYmFja2dyb3VuZC1jb2xvciUzQSUyMzY5MGY2MCUzQiUyMGNvbG9yJTNBJTIzZmZmZmZmJTNCJTIyJTIwY2xhc3MlM0QlMjJ2Y19nZW5lcmFsJTIwdmNfYnRuMyUyMHZjX2J0bjMtc2l6ZS1sZyUyMHZjX2J0bjMtc2hhcGUtc3F1YXJlJTIwdmNfYnRuMy1zdHlsZS1jdXN0b20lMjB2Y19idG4zLWljb24tbGVmdCUyMiUyMGhyZWYlM0QlMjJ0ZWwlM0ElMkI0MTIyMzQ3Nzc0NyUyMiUyMHRpdGxlJTNEJTIyJTIyJTNFJTBBJTA5JTA5JTA5JTA5JTA5JTNDaSUyMGNsYXNzJTNEJTIydmNfYnRuMy1pY29uJTIwZmElMjBmYS1waG9uZSUyMiUzRSUzQyUyRmklM0UlMjBDYWxsJTIwTm93JTIwJTIxJTBBJTA5JTA5JTA5JTA5JTNDJTJGYSUzRSUwQSUwOSUwOSUwOSUzQyUyRmRpdiUzRSUwQSUwOSUwOSUzQyUyRmRpdiUzRSUwQSUwOSUzQyUyRmRpdiUzRSUwQSUzQyUyRmRpdiUzRSUwQQ==[\/vc_raw_html][\/vc_column_inner][\/vc_row_inner][\/vc_column][\/vc_row]<\/p>\n","protected":false},"excerpt":{"rendered":"<p>[vc_row][vc_column width=&#8221;1\/3&#8243;][\/vc_column][vc_column width=&#8221;2\/3&#8243;][vc_single_image image=&#8221;10691&#8243; img_size=&#8221;full&#8221;][vc_column_text]Clinique G\u00e9n\u00e9rale-Beaulieu: Recently, Clinique G\u00e9n\u00e9rale-Beaulieu has joined the Swiss Medical Network, one of the two largest private hospital groups in Switzerland. The Clinic is also a proud member of the &#8220;The Swiss Leading Hospitals&#8221; group, which guarantees high quality care, patient care and hotel services. Ideally located in the heart of [&hellip;]<\/p>\n","protected":false},"author":1,"featured_media":0,"parent":9929,"menu_order":0,"comment_status":"closed","ping_status":"closed","template":"","meta":{"_bbp_topic_count":0,"_bbp_reply_count":0,"_bbp_total_topic_count":0,"_bbp_total_reply_count":0,"_bbp_voice_count":0,"_bbp_anonymous_reply_count":0,"_bbp_topic_count_hidden":0,"_bbp_reply_count_hidden":0,"_bbp_forum_subforum_count":0,"footnotes":""},"class_list":["post-9930","page","type-page","status-publish","hentry"],"aioseo_notices":[],"_links":{"self":[{"href":"https:\/\/www.kasurgery.com\/en\/wp-json\/wp\/v2\/pages\/9930","targetHints":{"allow":["GET"]}}],"collection":[{"href":"https:\/\/www.kasurgery.com\/en\/wp-json\/wp\/v2\/pages"}],"about":[{"href":"https:\/\/www.kasurgery.com\/en\/wp-json\/wp\/v2\/types\/page"}],"author":[{"embeddable":true,"href":"https:\/\/www.kasurgery.com\/en\/wp-json\/wp\/v2\/users\/1"}],"replies":[{"embeddable":true,"href":"https:\/\/www.kasurgery.com\/en\/wp-json\/wp\/v2\/comments?post=9930"}],"version-history":[{"count":4,"href":"https:\/\/www.kasurgery.com\/en\/wp-json\/wp\/v2\/pages\/9930\/revisions"}],"predecessor-version":[{"id":15066,"href":"https:\/\/www.kasurgery.com\/en\/wp-json\/wp\/v2\/pages\/9930\/revisions\/15066"}],"up":[{"embeddable":true,"href":"https:\/\/www.kasurgery.com\/en\/wp-json\/wp\/v2\/pages\/9929"}],"wp:attachment":[{"href":"https:\/\/www.kasurgery.com\/en\/wp-json\/wp\/v2\/media?parent=9930"}],"curies":[{"name":"wp","href":"https:\/\/api.w.org\/{rel}","templated":true}]}}